{"id":5,"date":"2024-10-21T12:49:10","date_gmt":"2024-10-21T12:49:10","guid":{"rendered":"https:\/\/kerstinhartwig-stimme.de\/willkommen-auf-http-001-kerstinhartwig-stimme-de\/"},"modified":"2025-09-24T09:56:31","modified_gmt":"2025-09-24T09:56:31","slug":"willkommen-auf-http-001-kerstinhartwig-stimme-de","status":"publish","type":"page","link":"https:\/\/kerstinhartwig-stimme.de\/","title":{"rendered":"Startseite"},"content":{"rendered":"\t\t<div data-elementor-type=\"wp-page\" data-elementor-id=\"5\" class=\"elementor elementor-5\">\n\t\t\t\t<div class=\"elementor-element elementor-element-3c63574 e-flex e-con-boxed e-con e-parent\" data-id=\"3c63574\" data-element_type=\"container\" data-e-type=\"container\" data-settings=\"{&quot;background_background&quot;:&quot;classic&quot;}\">\n\t\t\t\t\t<div class=\"e-con-inner\">\n\t\t\t\t<div class=\"elementor-element elementor-element-febf478 elementor-widget__width-initial elementor-widget-tablet__width-initial elementor-widget elementor-widget-heading\" data-id=\"febf478\" data-element_type=\"widget\" data-e-type=\"widget\" data-widget_type=\"heading.default\">\n\t\t\t\t<div class=\"elementor-widget-container\">\n\t\t\t\t\t<h1 class=\"elementor-heading-title elementor-size-default\">\u00bbUnsere Welt w\u00e4re eine bessere, wenn mehr Menschen singen w\u00fcrden. Singen ist ein Gesundheitserreger!\u00ab<\/h1>\t\t\t\t<\/div>\n\t\t\t\t<\/div>\n\t\t\t\t<div class=\"elementor-element elementor-element-bc6ea61 elementor-widget__width-initial elementor-widget-tablet__width-initial elementor-widget elementor-widget-heading\" data-id=\"bc6ea61\" data-element_type=\"widget\" data-e-type=\"widget\" data-widget_type=\"heading.default\">\n\t\t\t\t<div class=\"elementor-widget-container\">\n\t\t\t\t\t<h4 class=\"elementor-heading-title elementor-size-default\">\nKarl Adamek (Musik-Soziologe)<\/h4>\t\t\t\t<\/div>\n\t\t\t\t<\/div>\n\t\t\t\t\t<\/div>\n\t\t\t\t<\/div>\n\t\t<div class=\"elementor-element elementor-element-2debf37 e-flex e-con-boxed e-con e-parent\" data-id=\"2debf37\" data-element_type=\"container\" data-e-type=\"container\">\n\t\t\t\t\t<div class=\"e-con-inner\">\n\t\t\t\t<div class=\"elementor-element elementor-element-74806d0 animated-slow elementor-invisible elementor-widget elementor-widget-image\" data-id=\"74806d0\" data-element_type=\"widget\" data-e-type=\"widget\" data-settings=\"{&quot;_animation&quot;:&quot;fadeIn&quot;}\" data-widget_type=\"image.default\">\n\t\t\t\t<div class=\"elementor-widget-container\">\n\t\t\t\t\t\t\t\t\t\t\t\t\t\t\t<img fetchpriority=\"high\" decoding=\"async\" width=\"768\" height=\"569\" src=\"https:\/\/kerstinhartwig-stimme.de\/wp-content\/uploads\/2024\/10\/p1040721_web-crop-u90427.jpg\" class=\"attachment-large size-large wp-image-44\" alt=\"\" srcset=\"https:\/\/kerstinhartwig-stimme.de\/wp-content\/uploads\/2024\/10\/p1040721_web-crop-u90427.jpg 768w, https:\/\/kerstinhartwig-stimme.de\/wp-content\/uploads\/2024\/10\/p1040721_web-crop-u90427-300x222.jpg 300w\" sizes=\"(max-width: 768px) 100vw, 768px\" \/>\t\t\t\t\t\t\t\t\t\t\t\t\t\t\t<\/div>\n\t\t\t\t<\/div>\n\t\t\t\t\t<\/div>\n\t\t\t\t<\/div>\n\t\t<div class=\"elementor-element elementor-element-ae0a09b e-flex e-con-boxed e-con e-parent\" data-id=\"ae0a09b\" data-element_type=\"container\" data-e-type=\"container\">\n\t\t\t\t\t<div class=\"e-con-inner\">\n\t\t\t\t<div class=\"elementor-element elementor-element-42498b7 elementor-widget__width-initial elementor-widget elementor-widget-heading\" data-id=\"42498b7\" data-element_type=\"widget\" data-e-type=\"widget\" data-widget_type=\"heading.default\">\n\t\t\t\t<div class=\"elementor-widget-container\">\n\t\t\t\t\t<h2 class=\"elementor-heading-title elementor-size-default\">Meine Philosophie<\/h2>\t\t\t\t<\/div>\n\t\t\t\t<\/div>\n\t\t\t\t<div class=\"elementor-element elementor-element-073b2ad elementor-widget__width-inherit elementor-widget-tablet__width-initial elementor-widget elementor-widget-text-editor\" data-id=\"073b2ad\" data-element_type=\"widget\" data-e-type=\"widget\" data-widget_type=\"text-editor.default\">\n\t\t\t\t<div class=\"elementor-widget-container\">\n\t\t\t\t\t\t\t\t\t<p>Seit 20 Jahren unterrichte ich Sch\u00fcler von jung bis alt, ob Anf\u00e4nger, Profi, Chor- und Freizeits\u00e4nger. Singen ist Arbeit mit dem eigenen K\u00f6rper, soll vor allem Freude machen und Erfolgserlebnisse schaffen. Dabei m\u00f6chte ich meine eigene Freude und Faszination f\u00fcr das Singen weitergeben. Ich gehe auf unterschiedlichste Ausgangssituationen individuell ein und gebe gezielt Hilfestellung. Stilistisch liegt mein Schwerpunkt im klassischen Gesang, aber auch Pop, Jazz oder Musicalgesang kann bei mir erlernt werden.<\/p>\t\t\t\t\t\t\t\t<\/div>\n\t\t\t\t<\/div>\n\t\t\t\t<div class=\"elementor-element elementor-element-9a0bec5 elementor-widget-tablet__width-initial elementor-widget-mobile__width-initial elementor-widget elementor-widget-heading\" data-id=\"9a0bec5\" data-element_type=\"widget\" data-e-type=\"widget\" data-widget_type=\"heading.default\">\n\t\t\t\t<div class=\"elementor-widget-container\">\n\t\t\t\t\t<h3 class=\"elementor-heading-title elementor-size-default\">W\u00fcnschen Sie sich eine klangvolle und leistungsf\u00e4hige Stimme bis ins hohe Alter?\u00a0<\/h3>\t\t\t\t<\/div>\n\t\t\t\t<\/div>\n\t\t\t\t<div class=\"elementor-element elementor-element-84a6e45 elementor-widget__width-inherit elementor-widget-tablet__width-initial elementor-widget-mobile__width-initial elementor-widget elementor-widget-text-editor\" data-id=\"84a6e45\" data-element_type=\"widget\" data-e-type=\"widget\" data-widget_type=\"text-editor.default\">\n\t\t\t\t<div class=\"elementor-widget-container\">\n\t\t\t\t\t\t\t\t\t<p>Ich bin zertifizierte <em>Anti-Aging f\u00fcr die Stimme Trainerin.<\/em> Dieses gesangsmethodische Konzept wurde von Professorin Elisabeth Bengtson-Opitz entwickelt. Mit meinem Unterricht wende ich mich an alle, die gern singen und viel sprechen und \u00fcber eine gesunde Stimme verf\u00fcgen, sie jedoch noch nicht optimal nutzen k\u00f6nnen.&nbsp;<\/p>\n<p>Durch mein gezieltes Training wird systematisch daran gearbeitet die Stimmqualit\u00e4t zu erhalten und zu verbessern. Einen wichtigen Platz nimmt dabei das Erlernen der richtigen Atmung, verbunden mit einer gesunden K\u00f6rperhaltung ein.<\/p>\t\t\t\t\t\t\t\t<\/div>\n\t\t\t\t<\/div>\n\t\t\t\t\t<\/div>\n\t\t\t\t<\/div>\n\t\t<div class=\"elementor-element elementor-element-aaa3999 e-flex e-con-boxed e-con e-parent\" data-id=\"aaa3999\" data-element_type=\"container\" data-e-type=\"container\">\n\t\t\t\t\t<div class=\"e-con-inner\">\n\t\t\t\t<div class=\"elementor-element elementor-element-05ce5fb animated-slow elementor-invisible elementor-widget elementor-widget-image\" data-id=\"05ce5fb\" data-element_type=\"widget\" data-e-type=\"widget\" data-settings=\"{&quot;_animation&quot;:&quot;fadeIn&quot;}\" data-widget_type=\"image.default\">\n\t\t\t\t<div class=\"elementor-widget-container\">\n\t\t\t\t\t\t\t\t\t\t\t\t\t\t\t<img decoding=\"async\" width=\"800\" height=\"534\" src=\"https:\/\/kerstinhartwig-stimme.de\/wp-content\/uploads\/2024\/10\/kh_01_web-3-1024x683.jpg\" class=\"attachment-large size-large wp-image-53\" alt=\"\" srcset=\"https:\/\/kerstinhartwig-stimme.de\/wp-content\/uploads\/2024\/10\/kh_01_web-3-1024x683.jpg 1024w, https:\/\/kerstinhartwig-stimme.de\/wp-content\/uploads\/2024\/10\/kh_01_web-3-300x200.jpg 300w, https:\/\/kerstinhartwig-stimme.de\/wp-content\/uploads\/2024\/10\/kh_01_web-3-768x512.jpg 768w, https:\/\/kerstinhartwig-stimme.de\/wp-content\/uploads\/2024\/10\/kh_01_web-3.jpg 1320w\" sizes=\"(max-width: 800px) 100vw, 800px\" \/>\t\t\t\t\t\t\t\t\t\t\t\t\t\t\t<\/div>\n\t\t\t\t<\/div>\n\t\t\t\t\t<\/div>\n\t\t\t\t<\/div>\n\t\t<div class=\"elementor-element elementor-element-cd352a5 e-flex e-con-boxed e-con e-parent\" data-id=\"cd352a5\" data-element_type=\"container\" data-e-type=\"container\">\n\t\t\t\t\t<div class=\"e-con-inner\">\n\t\t\t\t<div class=\"elementor-element elementor-element-bf15049 elementor-widget__width-initial elementor-widget elementor-widget-heading\" data-id=\"bf15049\" data-element_type=\"widget\" data-e-type=\"widget\" data-widget_type=\"heading.default\">\n\t\t\t\t<div class=\"elementor-widget-container\">\n\t\t\t\t\t<h2 class=\"elementor-heading-title elementor-size-default\">Kursangebote<\/h2>\t\t\t\t<\/div>\n\t\t\t\t<\/div>\n\t\t\t\t<div class=\"elementor-element elementor-element-1604894 elementor-widget__width-initial elementor-widget elementor-widget-text-editor\" data-id=\"1604894\" data-element_type=\"widget\" data-e-type=\"widget\" data-widget_type=\"text-editor.default\">\n\t\t\t\t<div class=\"elementor-widget-container\">\n\t\t\t\t\t\t\t\t\t<p><\/p><ul><li>Wochenendworkshops\u00a0<\/li><li>Grundkurs \u00bbAnti-Aging f\u00fcr die Stimme\u00ab: 6 Termine \u00e0 90 Minuten mit 6 bis 10 Personen<\/li><li>Aufbaukurs \u00bbAnti-Aging f\u00fcr die Stimme\u00ab: 6 Termine \u00e0 90 Minuten mit 6 bis 10 Personen<\/li><li>Gesangskurse mit verschiedenen thematischen Schwerpunkten, wie z.B. Fr\u00fchlingslieder, Schlaflieder, Weihnachtslieder und Lieder f\u00fcr verschiedene Feste, wie Hochzeiten oder Geburtstage \u00a0<\/li><li>einw\u00f6chige Seminare in der S\u00fcdtoskana jeweils im Mai\/Juni und September\/Oktober \u00a0<\/li><li>Einzelunterricht\u00a0<\/li><li>Die Kurse finden jeweils nach Vereinbarung statt. Sie k\u00f6nnen in M\u00fcnchen und im M\u00fcnchner Umland veranstaltet werden, nach Absprache auch deutschlandweit.<\/li><\/ul><p><\/p>\t\t\t\t\t\t\t\t<\/div>\n\t\t\t\t<\/div>\n\t\t\t\t<div class=\"elementor-element elementor-element-d5d78ad elementor-widget__width-initial elementor-widget elementor-widget-heading\" data-id=\"d5d78ad\" data-element_type=\"widget\" data-e-type=\"widget\" data-widget_type=\"heading.default\">\n\t\t\t\t<div class=\"elementor-widget-container\">\n\t\t\t\t\t<h2 class=\"elementor-heading-title elementor-size-default\">Aktuelle Termine<\/h2>\t\t\t\t<\/div>\n\t\t\t\t<\/div>\n\t\t\t\t<div class=\"elementor-element elementor-element-72f29a9 elementor-widget__width-initial elementor-widget elementor-widget-text-editor\" data-id=\"72f29a9\" data-element_type=\"widget\" data-e-type=\"widget\" data-widget_type=\"text-editor.default\">\n\t\t\t\t<div class=\"elementor-widget-container\">\n\t\t\t\t\t\t\t\t\t<p><\/p>\n<p>Aktuelle Termine f\u00fcr meine Workshops und Seminare finden Sie hier:<\/p>\n<p><\/p>\t\t\t\t\t\t\t\t<\/div>\n\t\t\t\t<\/div>\n\t\t\t\t<div class=\"elementor-element elementor-element-9d51cd9 elementor-align-center elementor-widget elementor-widget-button\" data-id=\"9d51cd9\" data-element_type=\"widget\" data-e-type=\"widget\" data-widget_type=\"button.default\">\n\t\t\t\t<div class=\"elementor-widget-container\">\n\t\t\t\t\t\t\t\t\t<div class=\"elementor-button-wrapper\">\n\t\t\t\t\t<a class=\"elementor-button elementor-button-link elementor-size-sm elementor-animation-pulse\" href=\"https:\/\/kerstinhartwig-stimme.de\/?page_id=136\">\n\t\t\t\t\t\t<span class=\"elementor-button-content-wrapper\">\n\t\t\t\t\t\t\t\t\t<span class=\"elementor-button-text\">zu den Kursen<\/span>\n\t\t\t\t\t<\/span>\n\t\t\t\t\t<\/a>\n\t\t\t\t<\/div>\n\t\t\t\t\t\t\t\t<\/div>\n\t\t\t\t<\/div>\n\t\t\t\t\t<\/div>\n\t\t\t\t<\/div>\n\t\t<div class=\"elementor-element elementor-element-09ea1fa e-flex e-con-boxed e-con e-parent\" data-id=\"09ea1fa\" data-element_type=\"container\" data-e-type=\"container\">\n\t\t\t\t\t<div class=\"e-con-inner\">\n\t\t\t\t<div class=\"elementor-element elementor-element-54cb01f animated-slow elementor-invisible elementor-widget elementor-widget-image\" data-id=\"54cb01f\" data-element_type=\"widget\" data-e-type=\"widget\" data-settings=\"{&quot;_animation&quot;:&quot;fadeIn&quot;}\" data-widget_type=\"image.default\">\n\t\t\t\t<div class=\"elementor-widget-container\">\n\t\t\t\t\t\t\t\t\t\t\t\t\t\t\t<img decoding=\"async\" width=\"800\" height=\"534\" src=\"https:\/\/kerstinhartwig-stimme.de\/wp-content\/uploads\/2024\/10\/img_1720_web-1-1024x683.jpg\" class=\"attachment-large size-large wp-image-51\" alt=\"\" srcset=\"https:\/\/kerstinhartwig-stimme.de\/wp-content\/uploads\/2024\/10\/img_1720_web-1-1024x683.jpg 1024w, https:\/\/kerstinhartwig-stimme.de\/wp-content\/uploads\/2024\/10\/img_1720_web-1-300x200.jpg 300w, https:\/\/kerstinhartwig-stimme.de\/wp-content\/uploads\/2024\/10\/img_1720_web-1-768x512.jpg 768w, https:\/\/kerstinhartwig-stimme.de\/wp-content\/uploads\/2024\/10\/img_1720_web-1.jpg 1108w\" sizes=\"(max-width: 800px) 100vw, 800px\" \/>\t\t\t\t\t\t\t\t\t\t\t\t\t\t\t<\/div>\n\t\t\t\t<\/div>\n\t\t\t\t<div class=\"elementor-element elementor-element-e5293c1 elementor-widget__width-initial elementor-widget elementor-widget-heading\" data-id=\"e5293c1\" data-element_type=\"widget\" data-e-type=\"widget\" data-widget_type=\"heading.default\">\n\t\t\t\t<div class=\"elementor-widget-container\">\n\t\t\t\t\t<h2 class=\"elementor-heading-title elementor-size-default\">\u00dcber mich<\/h2>\t\t\t\t<\/div>\n\t\t\t\t<\/div>\n\t\t\t\t<div class=\"elementor-element elementor-element-1eeca30 elementor-widget__width-initial elementor-widget-tablet__width-initial elementor-widget elementor-widget-text-editor\" data-id=\"1eeca30\" data-element_type=\"widget\" data-e-type=\"widget\" data-widget_type=\"text-editor.default\">\n\t\t\t\t<div class=\"elementor-widget-container\">\n\t\t\t\t\t\t\t\t\t<p>Ich habe an der <em>Hochschule f\u00fcr Musik \u00bbCarl Maria von Weber\u00ab<\/em> in Dresden <em>Gesang<\/em> studiert und war danach Ensemblemitglied am <em>St\u00e4dtischen Theater Chemnitz.<\/em> An der <em>Hochschule f\u00fcr Musik und Theater Hamburg<\/em> studierte ich au\u00dferdem <em>Elementare Musikp\u00e4dagogik.<\/em><\/p>\t\t\t\t\t\t\t\t<\/div>\n\t\t\t\t<\/div>\n\t\t\t\t<div class=\"elementor-element elementor-element-9c743cb elementor-widget__width-initial elementor-widget elementor-widget-heading\" data-id=\"9c743cb\" data-element_type=\"widget\" data-e-type=\"widget\" data-widget_type=\"heading.default\">\n\t\t\t\t<div class=\"elementor-widget-container\">\n\t\t\t\t\t<h2 class=\"elementor-heading-title elementor-size-default\">Lehrt\u00e4tigkeit<\/h2>\t\t\t\t<\/div>\n\t\t\t\t<\/div>\n\t\t\t\t<div class=\"elementor-element elementor-element-b7c4df9 elementor-widget__width-initial elementor-widget elementor-widget-text-editor\" data-id=\"b7c4df9\" data-element_type=\"widget\" data-e-type=\"widget\" data-widget_type=\"text-editor.default\">\n\t\t\t\t<div class=\"elementor-widget-container\">\n\t\t\t\t\t\t\t\t\t<ul>\n<li>Gesangslehrerin und Chorleiterin an verschiedenen Musikschulen<\/li>\n<li>langj\u00e4hrige T\u00e4tigkeit als Gesangsp\u00e4dagogin und Chorleiterin an der <em>Staatlichen Jugendmusikschule Hamburg<\/em><\/li>\n<li>Kursleiterin an der <em>Volkshochschule Hamburg<\/em><\/li>\n<li>Stimmbildnerin bei verschiedenen Ch\u00f6ren<\/li>\n<li>Gesangslehrerin an der <em>Musikschule Stra\u00dflach-Dingharting<\/em><\/li>\n<li>seit 2019 selbstst\u00e4ndige Gesangslehrerin und Stimmbildnerin in M\u00fcnchen und Umgebung<\/li>\n<li>seit September 2019 Dozentin an der <em>M\u00fcnchner Volkshochschule<\/em><\/li>\n<li>seit 2023 Chorleiterin des Chores <em>Chorisma<\/em> in Ismaning bei M\u00fcnchen<\/li>\n<li>Mitglied im <em>Bund deutscher Gesangsp\u00e4dagogen (BDG)<\/em><\/li>\n<\/ul>\t\t\t\t\t\t\t\t<\/div>\n\t\t\t\t<\/div>\n\t\t\t\t\t<\/div>\n\t\t\t\t<\/div>\n\t\t\t\t<\/div>\n\t\t","protected":false},"excerpt":{"rendered":"<p>\u00bbUnsere Welt w\u00e4re eine bessere, wenn mehr Menschen singen w\u00fcrden. Singen ist ein Gesundheitserreger!\u00ab Karl Adamek (Musik-Soziologe) Meine Philosophie Seit 20 Jahren unterrichte ich Sch\u00fcler von jung bis alt, ob Anf\u00e4nger, Profi, Chor- und Freizeits\u00e4nger. Singen ist Arbeit mit dem eigenen K\u00f6rper, soll vor allem Freude machen und Erfolgserlebnisse schaffen. Dabei m\u00f6chte ich meine eigene [&hellip;]<\/p>\n","protected":false},"author":1,"featured_media":0,"parent":0,"menu_order":0,"comment_status":"closed","ping_status":"open","template":"","meta":{"footnotes":""},"class_list":["post-5","page","type-page","status-publish","hentry"],"_links":{"self":[{"href":"https:\/\/kerstinhartwig-stimme.de\/index.php?rest_route=\/wp\/v2\/pages\/5"}],"collection":[{"href":"https:\/\/kerstinhartwig-stimme.de\/index.php?rest_route=\/wp\/v2\/pages"}],"about":[{"href":"https:\/\/kerstinhartwig-stimme.de\/index.php?rest_route=\/wp\/v2\/types\/page"}],"author":[{"embeddable":true,"href":"https:\/\/kerstinhartwig-stimme.de\/index.php?rest_route=\/wp\/v2\/users\/1"}],"replies":[{"embeddable":true,"href":"https:\/\/kerstinhartwig-stimme.de\/index.php?rest_route=%2Fwp%2Fv2%2Fcomments&post=5"}],"version-history":[{"count":358,"href":"https:\/\/kerstinhartwig-stimme.de\/index.php?rest_route=\/wp\/v2\/pages\/5\/revisions"}],"predecessor-version":[{"id":1412,"href":"https:\/\/kerstinhartwig-stimme.de\/index.php?rest_route=\/wp\/v2\/pages\/5\/revisions\/1412"}],"wp:attachment":[{"href":"https:\/\/kerstinhartwig-stimme.de\/index.php?rest_route=%2Fwp%2Fv2%2Fmedia&parent=5"}],"curies":[{"name":"wp","href":"https:\/\/api.w.org\/{rel}","templated":true}]}}