{"id":3,"date":"2024-10-18T15:59:28","date_gmt":"2024-10-18T15:59:28","guid":{"rendered":"https:\/\/kerstinhartwig-stimme.de\/?page_id=3"},"modified":"2024-11-27T09:41:49","modified_gmt":"2024-11-27T09:41:49","slug":"privacy-policy","status":"publish","type":"page","link":"https:\/\/kerstinhartwig-stimme.de\/?page_id=3","title":{"rendered":"Impressum"},"content":{"rendered":"\t\t<div data-elementor-type=\"wp-page\" data-elementor-id=\"3\" class=\"elementor elementor-3\">\n\t\t\t\t<div class=\"elementor-element elementor-element-3051f59d e-flex e-con-boxed e-con e-parent\" data-id=\"3051f59d\" data-element_type=\"container\" data-e-type=\"container\">\n\t\t\t\t\t<div class=\"e-con-inner\">\n\t\t\t\t<div class=\"elementor-element elementor-element-3335ff1 elementor-widget__width-initial elementor-widget elementor-widget-text-editor\" data-id=\"3335ff1\" data-element_type=\"widget\" data-e-type=\"widget\" data-widget_type=\"text-editor.default\">\n\t\t\t\t<div class=\"elementor-widget-container\">\n\t\t\t\t\t\t\t\t\t<h2>Impressum<\/h2><p>Kerstin Hartwig<br \/>Gesangsp\u00e4dagogin und Stimmbildnerin<\/p><p><span style=\"color: var( --e-global-color-text ); text-align: var(--text-align);\">Coaching f\u00fcr die\u2028 Sing- und Sprechstimme<\/span><\/p><p>Oberf\u00f6hringer Stra\u00dfe 200 a<br \/><span style=\"color: var( --e-global-color-text ); text-align: var(--text-align);\">81925 M\u00fcnchen<\/span><\/p><p><span style=\"color: var( --e-global-color-text ); text-align: var(--text-align);\">Telefon: + (0)172 527 78 81<\/span><\/p><p>E-Mail: kerstin.hartwig@t-online.de<br \/><span style=\"color: var( --e-global-color-text ); text-align: var(--text-align);\">Web: www.kerstinhartwig-stimme.de<\/span><\/p><p>Inhaltlich Verantwortlicher gem\u00e4\u00df \u00a7 10 Absatz 3 MDStV:\u2028 Kerstin Hartwig \u2028(Anschrift wie oben)<\/p><p><span style=\"color: var( --e-global-color-text ); text-align: var(--text-align);\">\u00a9 Alle Rechte beim Autor, M\u00fcnchen 2024<\/span><\/p><p><span style=\"color: var( --e-global-color-text ); text-align: var(--text-align);\">\u00a0<\/span><\/p><h5>Haftungshinweis<\/h5><p>Trotz sorgf\u00e4ltiger inhaltlicher Kontrolle \u00fcbernehme ich keine Haftung f\u00fcr die Inhalte externer Links. F\u00fcr den Inhalt der verlinkten Seiten sind ausschlie\u00dflich deren Betreiber verantwortlich.<\/p>\t\t\t\t\t\t\t\t<\/div>\n\t\t\t\t<\/div>\n\t\t\t\t<div class=\"elementor-element elementor-element-141e8c9 elementor-widget__width-initial elementor-widget-divider--view-line elementor-widget elementor-widget-divider\" data-id=\"141e8c9\" data-element_type=\"widget\" data-e-type=\"widget\" data-widget_type=\"divider.default\">\n\t\t\t\t<div class=\"elementor-widget-container\">\n\t\t\t\t\t\t\t<div class=\"elementor-divider\">\n\t\t\t<span class=\"elementor-divider-separator\">\n\t\t\t\t\t\t<\/span>\n\t\t<\/div>\n\t\t\t\t\t\t<\/div>\n\t\t\t\t<\/div>\n\t\t\t\t<div class=\"elementor-element elementor-element-2bcf8e4 elementor-widget__width-initial elementor-widget elementor-widget-menu-anchor\" data-id=\"2bcf8e4\" data-element_type=\"widget\" data-e-type=\"widget\" data-widget_type=\"menu-anchor.default\">\n\t\t\t\t<div class=\"elementor-widget-container\">\n\t\t\t\t\t\t\t<div class=\"elementor-menu-anchor\" id=\"AGBs\"><\/div>\n\t\t\t\t\t\t<\/div>\n\t\t\t\t<\/div>\n\t\t\t\t<div class=\"elementor-element elementor-element-410eabe elementor-widget__width-initial elementor-widget elementor-widget-heading\" data-id=\"410eabe\" data-element_type=\"widget\" data-e-type=\"widget\" data-widget_type=\"heading.default\">\n\t\t\t\t<div class=\"elementor-widget-container\">\n\t\t\t\t\t<h3 class=\"elementor-heading-title elementor-size-default\">Allgemeine Gesch\u00e4ftsbedingungen (AGB)<\/h3>\t\t\t\t<\/div>\n\t\t\t\t<\/div>\n\t\t\t\t<div class=\"elementor-element elementor-element-81a497c elementor-widget__width-initial elementor-widget elementor-widget-text-editor\" data-id=\"81a497c\" data-element_type=\"widget\" data-e-type=\"widget\" data-widget_type=\"text-editor.default\">\n\t\t\t\t<div class=\"elementor-widget-container\">\n\t\t\t\t\t\t\t\t\t<p>In den Schulferien erfolgt der Unterricht nur nach individueller Absprache.<\/p><p>\u00a0<\/p><h5>Absageregel<\/h5><p><span style=\"color: var( --e-global-color-text ); font-family: var( --e-global-typography-6b7244b-font-family ), Sans-serif; font-size: var( --e-global-typography-6b7244b-font-size ); text-align: var(--text-align);\">Die vom Lehrer abgesagten Stunden werden nachgeholt. Kann der Unterricht seitens der Sch\u00fcler\/Sch\u00fclerinnen nicht wahrgenommen werden, gilt es, sp\u00e4testens 24 Stunden vor Unterrichtsbeginn abzusagen. Bei einer sp\u00e4teren Absage wird der Unterricht in Rechnung gestellt.<\/span><\/p><p><span style=\"color: var( --e-global-color-text ); font-family: var( --e-global-typography-6b7244b-font-family ), Sans-serif; font-size: var( --e-global-typography-6b7244b-font-size ); text-align: var(--text-align);\">\u00a0<\/span><\/p><h5>Zahlungsweise<\/h5><p>Die Bezahlung einzelner Stunden erfolgt individuell nach Absprache in bar oder per \u00dcberweisung. Die Geb\u00fchr der Probestunde ist in bar und vor Ort zu entrichten. Kann der Sch\u00fcler die Probestunde nicht wahrnehmen, gilt die Absageregel. <em>(siehe oben)<\/em><\/p><p><em>\u00a0<\/em><\/p><h5>Stornierung von gebuchten Kursen seitens der Kursteilnehmer<\/h5><p>Bis 2 Wochen vor Beginn des Kurses werden die Geb\u00fchren erstattet, bis 1 Woche vor Beginn des Kurses m\u00fcssen 50 Prozent der Kursgeb\u00fchr entrichtet werden, danach das komplette Entgelt.<\/p>\t\t\t\t\t\t\t\t<\/div>\n\t\t\t\t<\/div>\n\t\t\t\t<div class=\"elementor-element elementor-element-54bcbe8 elementor-widget__width-initial elementor-widget-divider--view-line elementor-widget elementor-widget-divider\" data-id=\"54bcbe8\" data-element_type=\"widget\" data-e-type=\"widget\" data-widget_type=\"divider.default\">\n\t\t\t\t<div class=\"elementor-widget-container\">\n\t\t\t\t\t\t\t<div class=\"elementor-divider\">\n\t\t\t<span class=\"elementor-divider-separator\">\n\t\t\t\t\t\t<\/span>\n\t\t<\/div>\n\t\t\t\t\t\t<\/div>\n\t\t\t\t<\/div>\n\t\t\t\t<div class=\"elementor-element elementor-element-642589e elementor-widget__width-initial elementor-widget elementor-widget-menu-anchor\" data-id=\"642589e\" data-element_type=\"widget\" data-e-type=\"widget\" data-widget_type=\"menu-anchor.default\">\n\t\t\t\t<div class=\"elementor-widget-container\">\n\t\t\t\t\t\t\t<div class=\"elementor-menu-anchor\" id=\"Datenschutz\"><\/div>\n\t\t\t\t\t\t<\/div>\n\t\t\t\t<\/div>\n\t\t\t\t<div class=\"elementor-element elementor-element-6f96315e elementor-widget__width-initial elementor-widget elementor-widget-text-editor\" data-id=\"6f96315e\" data-element_type=\"widget\" data-e-type=\"widget\" data-widget_type=\"text-editor.default\">\n\t\t\t\t<div class=\"elementor-widget-container\">\n\t\t\t\t\t\t\t\t\t<p><\/p>\n<h2 class=\"wp-block-heading\">Datenschutz<\/h2>\n<div>\u00a0<\/div>\n<h5>Datenschutzerkl\u00e4rung<\/h5>\n<p>Verantwortliche Stelle im Sinne der Datenschutzgesetze, insbesondere der EU-Datenschutzgrundverordnung (DSGVO), ist:<\/p>\n<p>Kerstin Hartwig<br \/>Oberf\u00f6hringer Stra\u00dfe 200 a<br \/>81925 M\u00fcnchen<br \/>Telefon: + (0)172 527 78 81<br \/>E-Mail: kerstin.hartwig@t-online.de<\/p>\n<h4>\u00a0<\/h4>\n<h5>Ihre Betroffenenrechte<\/h5>\n<p><span style=\"color: var( --e-global-color-text ); text-align: var(--text-align); background-color: var( --e-global-color-7543182 );\">Unter den angegebenen Kontaktdaten k\u00f6nnen Sie jederzeit folgende Rechte aus\u00fcben:<\/span><\/p>\n<ul>\n<li>Auskunft \u00fcber Ihre bei uns gespeicherten Daten und deren Verarbeitung,<\/li>\n<li>Berichtigung unrichtiger personenbezogener Daten,<\/li>\n<li>L\u00f6schung Ihrer bei uns gespeicherten Daten,<\/li>\n<li>Einschr\u00e4nkung der Datenverarbeitung, sofern wir Ihre Daten aufgrund gesetzlicher Pflichten noch nicht l\u00f6schen d\u00fcrfen,<\/li>\n<li>Widerspruch gegen die Verarbeitung Ihrer Daten bei uns und<\/li>\n<li>Daten\u00fcbertragbarkeit, sofern Sie in die Datenverarbeitung eingewilligt haben oder einen Vertrag mit uns abgeschlossen haben.<\/li>\n<\/ul>\n<p>\u00a0<\/p>\n<p>Sofern Sie uns eine Einwilligung erteilt haben, k\u00f6nnen Sie diese jederzeit mit Wirkung f\u00fcr die Zukunft widerrufen.<\/p>\n<p>Sie k\u00f6nnen sich jederzeit mit einer Beschwerde an die f\u00fcr Sie zust\u00e4ndige Aufsichtsbeh\u00f6rde wenden. Ihre zust\u00e4ndige Aufsichtsbeh\u00f6rde richtet sich nach dem Bundesland Ihres Wohnsitzes, Ihrer Arbeit oder der mutma\u00dflichen Verletzung. Eine Liste der Aufsichtsbeh\u00f6rden (f\u00fcr den nicht\u00f6ffentlichen Bereich) mit Anschrift finden Sie unter:<br \/><span style=\"color: #808080;\"><a style=\"color: #808080;\" href=\"https:\/\/www.bfdi.bund.de\/DE\/Service\/Anschriften\/anschriften_table.html\">https:\/\/www.bfdi.bund.de\/DE\/<wbr \/>Infothek\/Anschriften_Links\/<wbr \/>anschriften_links-node.html<\/a><\/span><\/p>\n<h4>\u00a0<\/h4>\n<h5>Zwecke der Datenverarbeitung \u2028durch die verantwortliche Stelle und Dritte<\/h5>\n<p>Wir verarbeiten Ihre personenbezogenen Daten nur zu den in dieser Datenschutzerkl\u00e4rung genannten Zwecken. Eine \u00dcbermittlung Ihrer pers\u00f6nlichen Daten an Dritte zu anderen als den genannten Zwecken findet nicht statt. Wir geben Ihre pers\u00f6nlichen Daten nur an Dritte weiter, wenn:<\/p>\n<ul>\n<li>Sie Ihre ausdr\u00fcckliche Einwilligung dazu erteilt haben,<\/li>\n<li>die Verarbeitung zur Abwicklung eines Vertrags mit Ihnen erforderlich ist,<\/li>\n<li>die Verarbeitung zur Erf\u00fcllung einer rechtlichen Verpflichtung erforderlich ist,<\/li>\n<li>die Verarbeitung zur Wahrung berechtigter Interessen erforderlich ist und kein Grund zur Annahme besteht, dass Sie ein \u00fcberwiegendes schutzw\u00fcrdiges Interesse an der Nichtweitergabe Ihrer Daten haben.<\/li>\n<\/ul>\n<h4>\u00a0<\/h4>\n<h5>L\u00f6schung bzw. Sperrung der Daten<\/h5>\n<p>Wir halten uns an die Grunds\u00e4tze der Datenvermeidung und Datensparsamkeit. Wir speichern Ihre personenbezogenen Daten daher nur so lange, wie dies zur Erreichung der hier genannten Zwecke erforderlich ist oder wie es die vom Gesetzgeber vorgesehenen vielf\u00e4ltigen Speicherfristen vorsehen. Nach Fortfall des jeweiligen Zweckes bzw. Ablauf dieser Fristen werden die entsprechenden Daten routinem\u00e4\u00dfig und entsprechend den gesetzlichen Vorschriften gesperrt oder gel\u00f6scht.<\/p>\n<h4>\u00a0<\/h4>\n<h5>Kontaktformular<\/h5>\n<p>Treten Sie bez\u00fcglich Fragen jeglicher Art per E-Mail oder Kontaktformular mit uns in Kontakt, erteilen Sie uns zum Zwecke der Kontaktaufnahme Ihre freiwillige Einwilligung. Hierf\u00fcr ist die Angabe einer validen E-Mail-Adresse erforderlich. Diese dient der Zuordnung der Anfrage und der anschlie\u00dfenden Beantwortung derselben. Die Angabe weiterer Daten ist optional. Die von Ihnen gemachten Angaben werden zum Zwecke der Bearbeitung der Anfrage sowie f\u00fcr m\u00f6gliche Anschlussfragen gespeichert. Nach Erledigung der von Ihnen gestellten Anfrage werden personenbezogene Daten automatisch gel\u00f6scht.<\/p>\n<h3>\u00a0<\/h3>\n<h5>\u00c4nderung unserer Datenschutzbestimmungen<\/h5>\n<p>Wir behalten uns vor, diese Datenschutzerkl\u00e4rung anzupassen, damit sie stets den aktuellen rechtlichen Anforderungen entspricht oder um \u00c4nderungen unserer Leistungen in der Datenschutzerkl\u00e4rung umzusetzen, z.B. bei der Einf\u00fchrung neuer Services. F\u00fcr Ihren erneuten Besuch gilt dann die neue Datenschutzerkl\u00e4rung.<\/p>\n<h4>\u00a0<\/h4>\n<h5>Fragen an den Datenschutzbeauftragten<\/h5>\n<p>Wenn Sie Fragen zum Datenschutz haben, schreiben Sie uns bitte eine E-Mail oder wenden Sie sich direkt an die f\u00fcr den Datenschutz verantwortliche Person in unserer Organisation:<br \/>E-Mail: kerstin.hartwig@t-online.de<\/p>\n<h4>\u00a0<\/h4>\n<h5>Widerspruch Werbe-Mails<\/h5>\n<p>Der Nutzung von im Rahmen der Impressumspflicht ver\u00f6ffentlichten Kontaktdaten zur \u00dcbersendung von nicht ausdr\u00fccklich angeforderter Werbung und Informationsmaterialien wird hiermit widersprochen. Die Betreiber der Seiten behalten sich ausdr\u00fccklich rechtliche Schritte im Falle der unverlangten Zusendung von Werbeinformationen, etwa durch Spam-E-Mails, vor.<\/p>\n<h4>\u00a0<\/h4>\n<h5>Rechtswirksamkeit dieses Haftungsausschlusses<\/h5>\n<p>Dieser Haftungsausschluss ist als Teil des Internetangebotes zu betrachten, von dem aus auf diese Seite verwiesen wurde. Sofern Teile oder einzelne Formulierungen dieses Textes der geltenden Rechtslage nicht, nicht mehr oder nicht vollst\u00e4ndig entsprechen sollten, bleiben die \u00fcbrigen Teile des Dokumentes in ihrem Inhalt und ihrer G\u00fcltigkeit davon unber\u00fchrt.<\/p>\t\t\t\t\t\t\t\t<\/div>\n\t\t\t\t<\/div>\n\t\t\t\t\t<\/div>\n\t\t\t\t<\/div>\n\t\t\t\t<\/div>\n\t\t","protected":false},"excerpt":{"rendered":"<p>Impressum Kerstin HartwigGesangsp\u00e4dagogin und Stimmbildnerin Coaching f\u00fcr die\u2028 Sing- und Sprechstimme Oberf\u00f6hringer Stra\u00dfe 200 a81925 M\u00fcnchen Telefon: + (0)172 527 78 81 E-Mail: kerstin.hartwig@t-online.deWeb: www.kerstinhartwig-stimme.de Inhaltlich Verantwortlicher gem\u00e4\u00df \u00a7 10 Absatz 3 MDStV:\u2028 Kerstin Hartwig \u2028(Anschrift wie oben) \u00a9 Alle Rechte beim Autor, M\u00fcnchen 2024 \u00a0 Haftungshinweis Trotz sorgf\u00e4ltiger inhaltlicher Kontrolle \u00fcbernehme ich keine Haftung [&hellip;]<\/p>\n","protected":false},"author":1,"featured_media":0,"parent":0,"menu_order":0,"comment_status":"closed","ping_status":"open","template":"","meta":{"footnotes":""},"class_list":["post-3","page","type-page","status-publish","hentry"],"_links":{"self":[{"href":"https:\/\/kerstinhartwig-stimme.de\/index.php?rest_route=\/wp\/v2\/pages\/3"}],"collection":[{"href":"https:\/\/kerstinhartwig-stimme.de\/index.php?rest_route=\/wp\/v2\/pages"}],"about":[{"href":"https:\/\/kerstinhartwig-stimme.de\/index.php?rest_route=\/wp\/v2\/types\/page"}],"author":[{"embeddable":true,"href":"https:\/\/kerstinhartwig-stimme.de\/index.php?rest_route=\/wp\/v2\/users\/1"}],"replies":[{"embeddable":true,"href":"https:\/\/kerstinhartwig-stimme.de\/index.php?rest_route=%2Fwp%2Fv2%2Fcomments&post=3"}],"version-history":[{"count":168,"href":"https:\/\/kerstinhartwig-stimme.de\/index.php?rest_route=\/wp\/v2\/pages\/3\/revisions"}],"predecessor-version":[{"id":1273,"href":"https:\/\/kerstinhartwig-stimme.de\/index.php?rest_route=\/wp\/v2\/pages\/3\/revisions\/1273"}],"wp:attachment":[{"href":"https:\/\/kerstinhartwig-stimme.de\/index.php?rest_route=%2Fwp%2Fv2%2Fmedia&parent=3"}],"curies":[{"name":"wp","href":"https:\/\/api.w.org\/{rel}","templated":true}]}}